{"id":17,"date":"2013-11-08T04:06:16","date_gmt":"2013-11-08T04:06:16","guid":{"rendered":"http:\/\/alcantaracontadores.com.br\/?page_id=17"},"modified":"2013-11-09T03:25:53","modified_gmt":"2013-11-09T03:25:53","slug":"contato","status":"publish","type":"page","link":"https:\/\/alcantaracontadores.com.br\/?page_id=17","title":{"rendered":"Contato"},"content":{"rendered":"<div id=\"I66_sys_txt\">\n<p><span style=\"color: #000066; font-family: Arial, 'Arial Unicode MS'; font-size: small;\"><b>AGENDE UMA VISITA<\/b><\/span><\/p>\n<\/div>\n<div id=\"I60\">\n<div id=\"I60_sys_txt\">\n<p><span style=\"color: #404040; font-family: Arial, 'Arial Unicode MS'; font-size: small;\">Fale conosco para solicitar a visita de um contador \u00e0 sua empresa, teremos prazer em atend\u00ea-lo.<\/span><\/p>\n<div id=\"I67_sys_txt\">\n<div id=\"I67_sys_txt\">\n<p><span style=\"color: #000066; font-family: Arial, 'Arial Unicode MS'; font-size: small;\"><b>SOLICITE UM OR\u00c7AMENTO<\/b><\/span><\/p>\n<\/div>\n<div id=\"I59\">\n<div id=\"I59_sys_txt\">\n<p><span style=\"color: #404040; font-family: Arial, 'Arial Unicode MS'; font-size: small;\">Solicite um or\u00e7amento por e-mail ou ligue!<\/span><\/p>\n<\/div>\n<\/div>\n<\/div>\n<div id=\"I59\">\n<div id=\"I59_sys_txt\">\n<div id=\"I70_sys_txt\">\n<p><span style=\"color: #000066; font-family: Arial, 'Arial Unicode MS'; font-size: small;\"><b>LIGUE!<\/b><\/span><\/p>\n<\/div>\n<div id=\"I80\">\n<div id=\"I80_sys_txt\">\n<p><span style=\"font-family: Arial, 'Arial Unicode MS'; font-size: small;\">Para entrar em contato basta enviar um e-mail, ou ligar para:\u00a0(21) 2570-1326<\/span><\/p>\n<div role=\"form\" class=\"wpcf7\" id=\"wpcf7-f47-o1\" lang=\"en-US\" dir=\"ltr\">\n<div class=\"screen-reader-response\"><p role=\"status\" aria-live=\"polite\" aria-atomic=\"true\"><\/p> <ul><\/ul><\/div>\n<form action=\"\/index.php?rest_route=%2Fwp%2Fv2%2Fpages%2F17#wpcf7-f47-o1\" method=\"post\" class=\"wpcf7-form init\" novalidate=\"novalidate\" data-status=\"init\">\n<div style=\"display: none;\">\n<input type=\"hidden\" name=\"_wpcf7\" value=\"47\" \/>\n<input type=\"hidden\" name=\"_wpcf7_version\" value=\"5.3.2\" \/>\n<input type=\"hidden\" name=\"_wpcf7_locale\" value=\"en_US\" \/>\n<input type=\"hidden\" name=\"_wpcf7_unit_tag\" value=\"wpcf7-f47-o1\" \/>\n<input type=\"hidden\" name=\"_wpcf7_container_post\" value=\"0\" \/>\n<input type=\"hidden\" name=\"_wpcf7_posted_data_hash\" value=\"\" \/>\n<\/div>\n<p>Seu Nome (obrigat\u00f3rio)<br \/>\n    <span class=\"wpcf7-form-control-wrap your-name\"><input type=\"text\" name=\"your-name\" value=\"\" size=\"40\" class=\"wpcf7-form-control wpcf7-text wpcf7-validates-as-required\" aria-required=\"true\" aria-invalid=\"false\" \/><\/span> <\/p>\n<p>Seu Email (obrigat\u00f3rio)<br \/>\n    <span class=\"wpcf7-form-control-wrap your-email\"><input type=\"email\" name=\"your-email\" value=\"\" size=\"40\" class=\"wpcf7-form-control wpcf7-text wpcf7-email wpcf7-validates-as-required wpcf7-validates-as-email\" aria-required=\"true\" aria-invalid=\"false\" \/><\/span> <\/p>\n<p>Assunto<br \/>\n    <span class=\"wpcf7-form-control-wrap your-subject\"><input type=\"text\" name=\"your-subject\" value=\"\" size=\"40\" class=\"wpcf7-form-control wpcf7-text\" aria-invalid=\"false\" \/><\/span> <\/p>\n<p>Sua Mensagem<br \/>\n    <span class=\"wpcf7-form-control-wrap your-message\"><textarea name=\"your-message\" cols=\"40\" rows=\"10\" class=\"wpcf7-form-control wpcf7-textarea\" aria-invalid=\"false\"><\/textarea><\/span> <\/p>\n<p><input type=\"submit\" value=\"Enviar\" class=\"wpcf7-form-control wpcf7-submit\" \/><\/p>\n<div class=\"wpcf7-response-output\" aria-hidden=\"true\"><\/div><\/form><\/div>\n<p><iframe loading=\"lazy\" width=\"600\" height=\"350\" frameborder=\"0\" scrolling=\"no\" marginheight=\"0\" marginwidth=\"0\" src=\"https:\/\/www.google.com.br\/maps?f=q&amp;source=s_q&amp;hl=pt-BR&amp;geocode=&amp;q=Alc%C3%A2ntara+Contadores+Associados+-+Rua+Ara%C3%BAjo+Lima+-+Vila+Isabel,+Rio+de+Janeiro+-+RJ&amp;aq=0&amp;oq=alcanta&amp;sll=-22.922607,-43.239484&amp;sspn=0.008696,0.016501&amp;ie=UTF8&amp;hq=Alc%C3%A2ntara+Contadores+Associados+-&amp;hnear=R.+Ara%C3%BAjo+Lima+-+Andara%C3%AD,+Rio+de+Janeiro,+20541-050&amp;t=m&amp;ll=-22.922409,-43.241179&amp;spn=0.006917,0.012875&amp;z=16&amp;iwloc=A&amp;output=embed\"><\/iframe><br \/><small><a href=\"https:\/\/www.google.com.br\/maps?f=q&amp;source=embed&amp;hl=pt-BR&amp;geocode=&amp;q=Alc%C3%A2ntara+Contadores+Associados+-+Rua+Ara%C3%BAjo+Lima+-+Vila+Isabel,+Rio+de+Janeiro+-+RJ&amp;aq=0&amp;oq=alcanta&amp;sll=-22.922607,-43.239484&amp;sspn=0.008696,0.016501&amp;ie=UTF8&amp;hq=Alc%C3%A2ntara+Contadores+Associados+-&amp;hnear=R.+Ara%C3%BAjo+Lima+-+Andara%C3%AD,+Rio+de+Janeiro,+20541-050&amp;t=m&amp;ll=-22.922409,-43.241179&amp;spn=0.006917,0.012875&amp;z=16&amp;iwloc=A\" style=\"color:#0000FF;text-align:left\">Exibir mapa ampliado<\/a><\/small><\/p>\n<\/div>\n<\/div>\n<\/div>\n<\/div>\n<\/div>\n<\/div>\n","protected":false},"excerpt":{"rendered":"<p>AGENDE UMA VISITA Fale conosco para solicitar a visita de um contador \u00e0 sua empresa, teremos prazer em atend\u00ea-lo. SOLICITE UM OR\u00c7AMENTO Solicite um or\u00e7amento por e-mail ou ligue! LIGUE! Para entrar em contato basta enviar um e-mail, ou ligar para:\u00a0(21) 2570-1326 Exibir mapa ampliado<\/p>\n","protected":false},"author":1,"featured_media":0,"parent":0,"menu_order":0,"comment_status":"closed","ping_status":"open","template":"","meta":{"footnotes":""},"class_list":["post-17","page","type-page","status-publish","hentry"],"_links":{"self":[{"href":"https:\/\/alcantaracontadores.com.br\/index.php?rest_route=\/wp\/v2\/pages\/17","targetHints":{"allow":["GET"]}}],"collection":[{"href":"https:\/\/alcantaracontadores.com.br\/index.php?rest_route=\/wp\/v2\/pages"}],"about":[{"href":"https:\/\/alcantaracontadores.com.br\/index.php?rest_route=\/wp\/v2\/types\/page"}],"author":[{"embeddable":true,"href":"https:\/\/alcantaracontadores.com.br\/index.php?rest_route=\/wp\/v2\/users\/1"}],"replies":[{"embeddable":true,"href":"https:\/\/alcantaracontadores.com.br\/index.php?rest_route=%2Fwp%2Fv2%2Fcomments&post=17"}],"version-history":[{"count":7,"href":"https:\/\/alcantaracontadores.com.br\/index.php?rest_route=\/wp\/v2\/pages\/17\/revisions"}],"predecessor-version":[{"id":52,"href":"https:\/\/alcantaracontadores.com.br\/index.php?rest_route=\/wp\/v2\/pages\/17\/revisions\/52"}],"wp:attachment":[{"href":"https:\/\/alcantaracontadores.com.br\/index.php?rest_route=%2Fwp%2Fv2%2Fmedia&parent=17"}],"curies":[{"name":"wp","href":"https:\/\/api.w.org\/{rel}","templated":true}]}}