{"id":10,"date":"2013-11-08T04:04:35","date_gmt":"2013-11-08T04:04:35","guid":{"rendered":"http:\/\/alcantaracontadores.com.br\/?page_id=10"},"modified":"2021-01-14T14:17:45","modified_gmt":"2021-01-14T14:17:45","slug":"clientes","status":"publish","type":"page","link":"https:\/\/alcantaracontadores.com.br\/?page_id=10","title":{"rendered":"Clientes"},"content":{"rendered":"<p><strong>Algumas de nossas refer\u00eancias:<\/strong><\/p>\n<p>-AV PRODU\u00c7\u00d5ES E EVENTOS<\/p>\n<p>-CALIBAN PRODU\u00c7\u00d5ES CINEMATOGR\u00c1FICAS LTDA.<\/p>\n<p>-CRESCER FOMENTO COMERCIAL LTDA.<\/p>\n<p>-CRYOPAX CRIOBIOLOGIA LTDA.<\/p>\n<p>-DEMOISELLE COM\u00c9RCIO DE RESTAURANTE, BARES E SERVI\u00c7OS LTDA.<\/p>\n<p>-ESTACAS MAPA LTDA.<\/p>\n<p>-GRUPO FORZA.<\/p>\n<p>-LOBO, MACEDO,TAGLIUSO &amp; TENALBER ADVOGADOS<\/p>\n<p>-RUBRO CAF\u00c9<\/p>\n<p>-O BOM GALETO LTDA.<\/p>\n<p>-OCTAPLAN ARQUITETURA E PROMO\u00c7\u00d5ES LTDA.<\/p>\n<p>-PROUD COM\u00c9RCIO E IND\u00daSTRIA LTDA.<\/p>\n<p>-SHOPPING FREI CANECA.<\/p>\n<p>-SILVESTRE LABS QU\u00cdMICA E FARMAC\u00caUTICA LTDA.<\/p>\n<p>-TENGEL T\u00c9CNICA DE ENGENHARIA LTDA.<\/p>\n<p>-VENBO COM\u00c9RCIO DE ALIMENTOS LTDA. &#8220;lanchonete Bob\u00b4s&#8221;.<\/p>\n","protected":false},"excerpt":{"rendered":"<p>Algumas de nossas refer\u00eancias: -AV PRODU\u00c7\u00d5ES E EVENTOS -CALIBAN PRODU\u00c7\u00d5ES CINEMATOGR\u00c1FICAS LTDA. -CRESCER FOMENTO COMERCIAL LTDA. -CRYOPAX CRIOBIOLOGIA LTDA. -DEMOISELLE COM\u00c9RCIO DE RESTAURANTE, BARES E SERVI\u00c7OS LTDA. -ESTACAS MAPA LTDA. -GRUPO FORZA. -LOBO, MACEDO,TAGLIUSO &amp; TENALBER ADVOGADOS -RUBRO CAF\u00c9 -O BOM GALETO LTDA. -OCTAPLAN ARQUITETURA E PROMO\u00c7\u00d5ES LTDA. -PROUD COM\u00c9RCIO E IND\u00daSTRIA LTDA. -SHOPPING FREI &hellip; <a href=\"https:\/\/alcantaracontadores.com.br\/?page_id=10\" class=\"more-link\">Continue lendo <span class=\"screen-reader-text\">Clientes<\/span> <span class=\"meta-nav\">&rarr;<\/span><\/a><\/p>\n","protected":false},"author":1,"featured_media":0,"parent":0,"menu_order":0,"comment_status":"closed","ping_status":"open","template":"","meta":{"footnotes":""},"class_list":["post-10","page","type-page","status-publish","hentry"],"_links":{"self":[{"href":"https:\/\/alcantaracontadores.com.br\/index.php?rest_route=\/wp\/v2\/pages\/10","targetHints":{"allow":["GET"]}}],"collection":[{"href":"https:\/\/alcantaracontadores.com.br\/index.php?rest_route=\/wp\/v2\/pages"}],"about":[{"href":"https:\/\/alcantaracontadores.com.br\/index.php?rest_route=\/wp\/v2\/types\/page"}],"author":[{"embeddable":true,"href":"https:\/\/alcantaracontadores.com.br\/index.php?rest_route=\/wp\/v2\/users\/1"}],"replies":[{"embeddable":true,"href":"https:\/\/alcantaracontadores.com.br\/index.php?rest_route=%2Fwp%2Fv2%2Fcomments&post=10"}],"version-history":[{"count":4,"href":"https:\/\/alcantaracontadores.com.br\/index.php?rest_route=\/wp\/v2\/pages\/10\/revisions"}],"predecessor-version":[{"id":61,"href":"https:\/\/alcantaracontadores.com.br\/index.php?rest_route=\/wp\/v2\/pages\/10\/revisions\/61"}],"wp:attachment":[{"href":"https:\/\/alcantaracontadores.com.br\/index.php?rest_route=%2Fwp%2Fv2%2Fmedia&parent=10"}],"curies":[{"name":"wp","href":"https:\/\/api.w.org\/{rel}","templated":true}]}}